{"id":3724,"date":"2023-05-20T18:46:48","date_gmt":"2023-05-20T16:46:48","guid":{"rendered":"http:\/\/www.autobazarlibkov.cz\/?page_id=3724"},"modified":"2023-05-26T22:26:33","modified_gmt":"2023-05-26T20:26:33","slug":"financovani","status":"publish","type":"page","link":"http:\/\/www.autobazarlibkov.cz\/?page_id=3724","title":{"rendered":"Financov\u00e1n\u00ed"},"content":{"rendered":"\n<p>Na\u0161i slu\u017ebu jsme roz\u0161\u00ed\u0159ili o profinancov\u00e1n\u00ed u spole\u010dnosti MING Enterprises a.s. Spole\u010dnost MING Enterprises a.s. pat\u0159\u00ed od roku 2014 k&nbsp;v\u00fdznamn\u00fdm spole\u010dnostem p\u016fsob\u00edc\u00ed v&nbsp;oblasti poskytov\u00e1n\u00ed financov\u00e1n\u00ed pro podnikatelsk\u00e9 subjekty na \u00fazem\u00ed \u010cesk\u00e9 republiky. Spole\u010dnost nab\u00edz\u00ed leasingov\u00e9 a \u00fav\u011brov\u00e9 financov\u00e1n\u00ed na n\u00e1kup stroj\u016f a technologi\u00ed, komun\u00e1ln\u00ed a dopravn\u00ed techniky, u\u017eitkov\u00fdch vozidel, n\u00e1kladn\u00edch vozidel, vozidel pro osobn\u00ed \u00fa\u010dely. Rozs\u00e1hl\u00fd spektrum jejich z\u00e1kazn\u00edk\u016f zasahuje do zem\u011bd\u011blstv\u00ed, stroj\u00edrenstv\u00ed, stavebnictv\u00ed a slu\u017eeb soukrom\u00e9ho sektoru.<\/p>\n\n\n\n<p>Sta\u010d\u00ed u n\u00e1s si vybrat vozidlo a spole\u010dnost V\u00e1m p\u0159iprav\u00ed nab\u00eddku na profinancov\u00e1n\u00ed vozidla. V\u0161e vy\u0159e\u0161en\u00e9 b\u011bhem p\u00e1r hodin.<\/p>\n\n\n<div class=\"wp-block-image\">\n<figure class=\"aligncenter size-full is-resized\"><img loading=\"lazy\" decoding=\"async\" src=\"http:\/\/www.autobazarlibkov.cz\/wp-content\/uploads\/2023\/05\/image001.jpg\" alt=\"\" class=\"wp-image-3823\" width=\"362\" height=\"104\"\/><\/figure>\n<\/div>\n\n\n<p><\/p>\n\n\n\n<p>Jsme partnerem Allianz poji\u0161\u0165ovny a.s.<\/p>\n\n\n\n<p>Va\u0161e poji\u0161t\u011bn\u00ed V\u00e1m zprost\u0159edkuje V\u00e1clav Mar\u0161\u00edk,&nbsp;<\/p>\n\n\n\n<p><a href=\"https:\/\/www.allianz.cz\/cs_CZ\/pobocky-a-poradci\/0881-Marsik.html#\/\">https:\/\/www.allianz.cz\/cs_CZ\/pobocky-a-poradci\/0881-Marsik.html#\/<\/a><\/p>\n\n\n<div class=\"wp-block-image\">\n<figure class=\"aligncenter size-large is-resized\"><img loading=\"lazy\" decoding=\"async\" src=\"http:\/\/www.autobazarlibkov.cz\/wp-content\/uploads\/2023\/05\/allianz_logo-1024x384.jpg\" alt=\"\" class=\"wp-image-4041\" width=\"501\" height=\"188\" srcset=\"http:\/\/www.autobazarlibkov.cz\/wp-content\/uploads\/2023\/05\/allianz_logo-1024x384.jpg 1024w, http:\/\/www.autobazarlibkov.cz\/wp-content\/uploads\/2023\/05\/allianz_logo-300x113.jpg 300w, http:\/\/www.autobazarlibkov.cz\/wp-content\/uploads\/2023\/05\/allianz_logo-768x288.jpg 768w, http:\/\/www.autobazarlibkov.cz\/wp-content\/uploads\/2023\/05\/allianz_logo-1536x576.jpg 1536w, http:\/\/www.autobazarlibkov.cz\/wp-content\/uploads\/2023\/05\/allianz_logo.jpg 2000w\" sizes=\"auto, (max-width: 501px) 100vw, 501px\" \/><\/figure>\n<\/div>\n\n<div class=\"wp-block-image\">\n<figure class=\"aligncenter size-large is-resized\"><img decoding=\"async\" src=\"http:\/\/www.autobazarlibkov.cz\/wp-content\/uploads\/2023\/05\/IMG_4328-1-683x1024.jpg\" alt=\"\" class=\"wp-image-4046\" width=\"-172\" height=\"-256\" srcset=\"http:\/\/www.autobazarlibkov.cz\/wp-content\/uploads\/2023\/05\/IMG_4328-1-683x1024.jpg 683w, http:\/\/www.autobazarlibkov.cz\/wp-content\/uploads\/2023\/05\/IMG_4328-1-200x300.jpg 200w, http:\/\/www.autobazarlibkov.cz\/wp-content\/uploads\/2023\/05\/IMG_4328-1-768x1152.jpg 768w, http:\/\/www.autobazarlibkov.cz\/wp-content\/uploads\/2023\/05\/IMG_4328-1-1024x1536.jpg 1024w, http:\/\/www.autobazarlibkov.cz\/wp-content\/uploads\/2023\/05\/IMG_4328-1-1365x2048.jpg 1365w, http:\/\/www.autobazarlibkov.cz\/wp-content\/uploads\/2023\/05\/IMG_4328-1-scaled.jpg 1707w\" sizes=\"(max-width: 683px) 100vw, 683px\" \/><\/figure>\n<\/div>","protected":false},"excerpt":{"rendered":"<p>Na\u0161i slu\u017ebu jsme roz\u0161\u00ed\u0159ili o profinancov\u00e1n\u00ed u spole\u010dnosti MING Enterprises a.s. Spole\u010dnost MING Enterprises a.s. pat\u0159\u00ed od roku 2014 k&nbsp;v\u00fdznamn\u00fdm spole\u010dnostem p\u016fsob\u00edc\u00ed v&nbsp;oblasti poskytov\u00e1n\u00ed financov\u00e1n\u00ed pro podnikatelsk\u00e9 subjekty na \u00fazem\u00ed \u010cesk\u00e9 republiky. Spole\u010dnost nab\u00edz\u00ed leasingov\u00e9 a \u00fav\u011brov\u00e9 financov\u00e1n\u00ed na n\u00e1kup stroj\u016f a technologi\u00ed, komun\u00e1ln\u00ed a dopravn\u00ed techniky, u\u017eitkov\u00fdch vozidel, n\u00e1kladn\u00edch&hellip; <\/p>\n<p class=\"link-more\"><a href=\"http:\/\/www.autobazarlibkov.cz\/?page_id=3724\" class=\"more-link\">Read More<span class=\"screen-reader-text\">Financov\u00e1n\u00ed<\/span><\/a><\/p>\n","protected":false},"author":1,"featured_media":0,"parent":0,"menu_order":0,"comment_status":"closed","ping_status":"closed","template":"","meta":{"slim_seo":{"title":"Financov\u00e1n\u00ed - Autobazar Libkov","description":"Na\u0161i slu\u017ebu jsme roz\u0161\u00ed\u0159ili o profinancov\u00e1n\u00ed u spole\u010dnosti MING Enterprises a.s. Spole\u010dnost MING Enterprises a.s. pat\u0159\u00ed od roku 2014 k&nbsp;v\u00fdznamn\u00fdm spole\u010dnoste"},"footnotes":""},"categories":[],"tags":[],"class_list":["post-3724","page","type-page","status-publish","hentry"],"aioseo_notices":[],"_links":{"self":[{"href":"http:\/\/www.autobazarlibkov.cz\/index.php?rest_route=\/wp\/v2\/pages\/3724","targetHints":{"allow":["GET"]}}],"collection":[{"href":"http:\/\/www.autobazarlibkov.cz\/index.php?rest_route=\/wp\/v2\/pages"}],"about":[{"href":"http:\/\/www.autobazarlibkov.cz\/index.php?rest_route=\/wp\/v2\/types\/page"}],"author":[{"embeddable":true,"href":"http:\/\/www.autobazarlibkov.cz\/index.php?rest_route=\/wp\/v2\/users\/1"}],"replies":[{"embeddable":true,"href":"http:\/\/www.autobazarlibkov.cz\/index.php?rest_route=%2Fwp%2Fv2%2Fcomments&post=3724"}],"version-history":[{"count":7,"href":"http:\/\/www.autobazarlibkov.cz\/index.php?rest_route=\/wp\/v2\/pages\/3724\/revisions"}],"predecessor-version":[{"id":4048,"href":"http:\/\/www.autobazarlibkov.cz\/index.php?rest_route=\/wp\/v2\/pages\/3724\/revisions\/4048"}],"wp:attachment":[{"href":"http:\/\/www.autobazarlibkov.cz\/index.php?rest_route=%2Fwp%2Fv2%2Fmedia&parent=3724"}],"wp:term":[{"taxonomy":"category","embeddable":true,"href":"http:\/\/www.autobazarlibkov.cz\/index.php?rest_route=%2Fwp%2Fv2%2Fcategories&post=3724"},{"taxonomy":"post_tag","embeddable":true,"href":"http:\/\/www.autobazarlibkov.cz\/index.php?rest_route=%2Fwp%2Fv2%2Ftags&post=3724"}],"curies":[{"name":"wp","href":"https:\/\/api.w.org\/{rel}","templated":true}]}}